{"id":1142,"date":"2018-06-25T13:19:00","date_gmt":"2018-06-25T12:19:00","guid":{"rendered":"http:\/\/ulisteppen.com\/?page_id=1142"},"modified":"2019-12-30T16:05:46","modified_gmt":"2019-12-30T15:05:46","slug":"confidentialite","status":"publish","type":"page","link":"https:\/\/ulisteppen.com\/fr\/confidentialite\/","title":{"rendered":"D\u00e9claration de Confidentialit\u00e9"},"content":{"rendered":"<div class=\"wpb-content-wrapper\">[vc_row style=\u00a0\u00bblight\u00a0\u00bb bg_image=\u00a0\u00bb121&Prime; bg_style=\u00a0\u00bbstretch\u00a0\u00bb border_style=\u00a0\u00bbsolid\u00a0\u00bb padding_top=\u00a0\u00bb100px\u00a0\u00bb padding_bottom=\u00a0\u00bb100px\u00a0\u00bb][vc_column][vc_column_text css_animation=\u00a0\u00bbbottom-to-top\u00a0\u00bb]\n<p style=\"text-align: center;\"><span style=\"font-size: 60px; color: #8fbd22;\">DONNEES PERSONNELLES<\/span><\/p>\n[\/vc_column_text][vc_column_text css_animation=\u00a0\u00bbbottom-to-top\u00a0\u00bb]\n<p style=\"text-align: center;\"><span style=\"font-size: 30px; color: #686f6f;\">D\u00c9CLARATION DE CONFIDENTIALIT\u00c9<\/span><\/p>\n[\/vc_column_text][\/vc_column][\/vc_row][vc_row center_row=\u00a0\u00bbyes\u00a0\u00bb id=\u00a0\u00bbmore\u00a0\u00bb padding_top=\u00a0\u00bb90px\u00a0\u00bb padding_bottom=\u00a0\u00bb70px\u00a0\u00bb][vc_column]<style>.vcex-heading.vcex_6a0479c2e1ee2 .vcex-heading-inner{border-color:#8fbd22;}.vcex-heading.vcex_6a0479c2e1ee2{border-color:#e5e5e5;}<\/style><h4 class=\"vcex-heading vcex-heading-bottom-border-w-color vcex-module wpex-heading wpex-text-2xl wpex-border-b-2 wpex-border-solid wpex-border-main vcex_6a0479c2e1ee2\"><span class=\"vcex-heading-inner wpex-inline-block wpex-relative wpex-pb-5 wpex-border-b-2 wpex-border-solid wpex-border-accent\">D\u00e9claration de protection des donn\u00e9es<\/span><\/h4><div class=\"vcex-spacing wpex-w-100 wpex-clear\"><\/div>[vc_column_text]<strong>Protection des donn\u00e9es personnelles<\/strong><br \/>\nEn tant qu\u2019op\u00e9rateur de ce site, ulisteppen.com prend la protection de vos donn\u00e9es personnelles tr\u00e8s au s\u00e9rieux. ulisteppen.com est responsable du traitement de vos donn\u00e9es personnelles. Ces donn\u00e9es seront trait\u00e9es de mani\u00e8re confidentielle et conform\u00e9ment \u00e0 la l\u00e9gislation en mati\u00e8re de protection des donn\u00e9es (en particulier \u00e0 la RGPD) et \u00e0 cette d\u00e9claration de protection de donn\u00e9es.<\/p>\n<p>En g\u00e9n\u00e9ral, ce site web est con\u00e7u de mani\u00e8re \u00e0 ce que l&rsquo;introduction de renseignements personnels soit inutile. Si vous utilisez le formulaire en ligne de la page de contact (en communiquant par exemple votre nom, adresse ou votre courriel), vous entrez ces donn\u00e9es sur une base exclusivement volontaire. Sans votre consentement explicite, ces donn\u00e9es ne seront pas transmises \u00e0 des tiers.<\/p>\n<p>La transmission de donn\u00e9es sur Internet (par exemple lors des communications par e-mail) peut pr\u00e9senter des failles de s\u00e9curit\u00e9. Une protection compl\u00e8te des donn\u00e9es contre tout acc\u00e8s par des tiers n&rsquo;est donc pas possible.<\/p>\n<p><strong>Donn\u00e9es \u00e0 caract\u00e8re personnel trait\u00e9es par ulisteppen.com<\/strong><br \/>\nulisteppen.com traite vos donn\u00e9es personnelles afin de vous livrer les services requis et\/ou parce que vous avez fourni ces donn\u00e9es vous-m\u00eame.<br \/>\nLes donn\u00e9es personnelles que traite ulisteppen.com sont notamment pr\u00e9nom, nom de famille, adresse, num\u00e9ro de t\u00e9l\u00e9phone et adresse e-mail. ulisteppen.com ne saisit pas de donn\u00e9es personnelles sp\u00e9ciales et\/ou sensibles.<\/p>\n<p>Les textes \u00e0 traduire ou \u00e0 traiter que re\u00e7oit ulisteppen.com peuvent \u00e9galement contenir des donn\u00e9es \u00e0 caract\u00e8re personnel. Au besoin, ces donn\u00e9es peuvent \u00eatre anonymis\u00e9es et\/ou effac\u00e9es d\u00e8s que le service a \u00e9t\u00e9 effectu\u00e9 et livr\u00e9.<\/p>\n<p>Ni le site web ni le service du prestateur de services ulisteppen.com n\u2019est destin\u00e9 \u00e0 collecter des donn\u00e9es personnelles aupr\u00e8s des utilisateurs de moins de 16 ans, \u00e0 moins qu\u2019il y ait le consentement pr\u00e9alable et expr\u00e8s des parents ou des tuteurs l\u00e9gaux. Cependant, il est impossible de contr\u00f4ler si un visiteur du site web est \u00e2g\u00e9 de 16 ans minimum. Il est donc fortement recommand\u00e9 que les parents\/tuteurs l\u00e9gaux surveillent les activit\u00e9s en ligne de leurs enfants pour emp\u00eacher que leurs donn\u00e9es personnelles soient collect\u00e9es sans accord parental. Si vous estimez que des donn\u00e9es personnelles d\u2019une personne de moins de 16 ans aient \u00e9t\u00e9 saisies sans accord parental par ulisteppen.com, veuillez envoyer un e-mail \u00e0 ce sujet \u00e0 info@ulisteppen.com. Les donn\u00e9es en question seront alors effac\u00e9es.<\/p>\n<p><strong>\u00c0 quelles fins ulisteppen.com traite ou utilise des donn\u00e9es personnelles<\/strong><br \/>\nulisteppen.com traite vos donn\u00e9es personnelles pour:<\/p>\n<ul>\n<li>pr\u00e9parer un devis gratis, pour clarifier des questions compl\u00e9mentaires ;<\/li>\n<li>ex\u00e9cuter et fournir le service command\u00e9 ;<\/li>\n<li>facturer le service et traiter le paiement ;<\/li>\n<li>contacter le client (par t\u00e9l\u00e9phone ou par e-mail), si ceci est n\u00e9cessaire afin de pouvoir fournir le service ;<\/li>\n<li>communiquer des changements concernant les services, si besoin est.<\/li>\n<\/ul>\n<p>ulisteppen.com traite \u00e9galement des donn\u00e9es personnelles en raison d&rsquo;une obligation l\u00e9gale, par exemple dans le cadre de la d\u00e9claration d\u2019imp\u00f4ts pour l\u2019entreprise ulisteppen.com.<\/p>\n<p><strong>Prise de d\u00e9cision individuelle automatis\u00e9e<\/strong><br \/>\nUne d\u00e9cision individuelle automatis\u00e9e est fond\u00e9e exclusivement sur un traitement automatis\u00e9 (par des programmes ou des syst\u00e8mes) et sans intervention humaine. ulisteppen.com ne prend aucune d\u00e9cision fond\u00e9e uniquement sur des processus automatis\u00e9s.<\/p>\n<p>ulisteppen.com utilise des programmes informatiques ou des syst\u00e8mes uniquement pour faciliter son travail de traduction et d\u2019administration, notamment le logiciel de traduction SDL Trados Studio et le programme de comptabilit\u00e9 Snelstart.<\/p>\n<p><strong>Conservation des donn\u00e9es \u00e0 caract\u00e8re personnel<\/strong><br \/>\nulisteppen.com ne conservera vos donn\u00e9es \u00e0 caract\u00e8re personnel que le temps de r\u00e9pondre \u00e0 vos besoins et pour lesquels vous avez transmis de telles informations. La l\u00e9gislation n\u00e9erlandaise oblige ulisteppen.com \u00e0 conserver ses donn\u00e9es commerciales pour une p\u00e9riode minimale de sept ans. Ce d\u00e9lai est respect\u00e9 pour toute cat\u00e9gorie de donn\u00e9es \u00e0 caract\u00e8re personnel comme pr\u00e9nom, nom de famille, adresse, num\u00e9ro de t\u00e9l\u00e9phone et adresse e-mail.<\/p>\n<p><strong>Transfert des donn\u00e9es personnelles aux tiers<\/strong><br \/>\nulisteppen.com s&rsquo;engage \u00e0 ne pas vendre vos donn\u00e9es \u00e0 caract\u00e8re personnel \u00e0 des tiers. N\u00e9anmoins, ulisteppen.com peut partager vos donn\u00e9es \u00e0 caract\u00e8re personnel \u00e0 certains tiers si cela est n\u00e9cessaire pour ex\u00e9cuter cet accord et pour se conformer aux obligations l\u00e9gales. ulisteppen.com fait signer un contrat de sous-traitance aux entreprises \u00e9tant amen\u00e9es \u00e0 traiter vos donn\u00e9es \u00e0 caract\u00e8re personnel afin d\u2019assurer le m\u00eame niveau de s\u00e9curit\u00e9 de leur c\u00f4t\u00e9 et le traitement confidentiel de vos donn\u00e9es \u00e0 caract\u00e8re personnel. ulisteppen.com assume la responsabilit\u00e9 finale du traitement des donn\u00e9es.<\/p>\n<p><strong>Droit d\u2019acc\u00e8s, de rectification et d\u2019effacement des donn\u00e9es personnelles<\/strong><br \/>\nVous avez le droit de solliciter, \u00e0 tout moment et gratuitement, vos donn\u00e9es personnelles, de les rectifier ou de les faire effacer ou bien de s\u2019informer sur la provenance et le destinataire de vos donn\u00e9es \u00e0 caract\u00e8re personnel et sur les finalit\u00e9s du traitement des donn\u00e9es. Vous avez \u00e9galement le droit de r\u00e9voquer votre consentement au traitement de vos donn\u00e9es ou de vous opposer au traitement de vos donn\u00e9es \u00e0 caract\u00e8re personnel par ulisteppen.com. Vous pouvez aussi utiliser votre droit \u00e0 la portabilit\u00e9 des donn\u00e9es. Selon ce droit, vous pouvez exiger qu\u2019ulisteppen.com fasse parvenir vos donn\u00e9es \u00e0 caract\u00e8re personnel qui lui sont connues dans un format num\u00e9rique \u00e0 vous m\u00eame ou \u00e0 une organisation que vous lui pr\u00e9cisez.<\/p>\n<p>Si vous souhaitez solliciter, rectifier, faire effacer ou demander le transfert de vos donn\u00e9es \u00e0 caract\u00e8re personnel ou si vous souhaitez r\u00e9voquer votre consentement au traitement de vos donn\u00e9es, veuillez envoyer un courriel \u00e0 : info@ulisteppen.com.<\/p>\n<p>Veuillez joindre une copie de votre carte d\u2019identit\u00e9\/de votre passeport \u00e0 votre demande d\u2019acc\u00e8s aux donn\u00e9es pour qu\u2019ulisteppen.com puisse v\u00e9rifier votre identit\u00e9. Sur cette copie, noircissez votre photo, la zone de lecture automatique (sous forme de chiffres), le num\u00e9ro de la pi\u00e8ce d\u2019identit\u00e9 et tout autre code afin de prot\u00e9ger votre domaine priv\u00e9. Par la suite, ulisteppen.com r\u00e9agira d\u00e8s que possible, mais au plus tard dans les quatre semaines suivant la demande, et supprimera \u00e9galement votre demande apr\u00e8s sa r\u00e9alisation.<\/p>\n<p>ulisteppen.com tient \u00e0 vous informer que vous avez la possibilit\u00e9 de porter plainte aupr\u00e8s de l&rsquo;autorit\u00e9 nationale comp\u00e9tente surveillant la protection de donn\u00e9es. Pour les Pays-Bas, o\u00f9 ulisteppen.com exerce ses fonctions, le lien suivant s\u2019applique : https:\/\/autoriteitpersoonsgegevens.nl\/nl\/contact-met-de-autoriteit-persoonsgegevens\/tip-ons<\/p>\n<p><strong>Mesures de s\u00e9curisation des donn\u00e9es \u00e0 caract\u00e8re personnel<\/strong><br \/>\nulisteppen.com tient \u00e0 respecter votre vie priv\u00e9e et vos donn\u00e9es personnelles et prend des mesures raisonnables pour les prot\u00e9ger contre toute perte, utilisation abusive, tout acc\u00e8s non autoris\u00e9, divulgation, alt\u00e9ration ou destruction illicite. Ces mesures comprennent l\u2019utilisation d\u2019un serveur s\u00e9curis\u00e9, des appareils prot\u00e9g\u00e9s par un mot de passe, une protection antivirus \u00e0 jour et des param\u00e8tres de pare-feu appropri\u00e9s.<br \/>\nSi, n\u00e9anmoins, vous estimez que vos donn\u00e9es personnelles ne sont pas bien prot\u00e9g\u00e9es ou qu\u2019un usage abusif des donn\u00e9es a eu lieu, veuillez envoyer un e-mail \u00e0 ce sujet \u00e0 info@ulisteppen.com.<\/p>\n<p><strong>Utilisation de cookies et de techniques comparables<\/strong><br \/>\nulisteppen.com utilise ce que l&rsquo;on appelle des cookies sur diff\u00e9rentes pages du site internet. Les cookies ne causent aucun dommage sur votre ordinateur et ne contiennent aucun virus. Les cookies permettent de rendre ces offres sur internet plus conviviales, plus efficaces et plus s\u00fbres. Les cookies sont de petits fichiers texte plac\u00e9s sur votre ordinateur, tablette ou smartphone qui sont enregistr\u00e9s par votre navigateur.<\/p>\n<p>La plupart des cookies qu\u2019ulisteppen.com utilise sont des cookies de session qui sont automatiquement supprim\u00e9s \u00e0 la fin de la session du navigateur. D\u2019autres cookies resteront enregistr\u00e9s sur votre terminal jusqu&rsquo;\u00e0 ce que vous les supprimiez.<\/p>\n<p>ulisteppen.com utilise uniquement des cookies du type technique et fonctionnel, ainsi que des cookies analytiques qui ne porteront pas atteinte \u00e0 votre vie priv\u00e9e. Les cookies utilis\u00e9s par ulisteppen.com sont essentiels pour un parfait \u00e9tat de fonctionnement et pour la convivialit\u00e9 du site web. Il font en sorte que le site web fonctionne convenablement. Ils permettent aussi \u00e0 ulisteppen.com d\u2019am\u00e9liorer le site web au besoin. Vous pouvez rejeter les cookies en changeant les param\u00e8tres par le biais de votre navigateur. Par ailleurs, les param\u00e8tres de votre navigateur vous permettent \u00e9galement d\u2019effacer toutes les donn\u00e9es ant\u00e9rieurement stock\u00e9es.<\/p>\n<p><strong>Utilisation de Google Analytics<\/strong><br \/>\nCe site web utilise certaines facilit\u00e9s du service d&rsquo;analyse web Google Analytics. Le fournisseur de ce service est Google Inc. 1600 Amphitheatre Parkway Mountain View, CA 94043, USA. Google Analytics utilise des \u00ab cookies \u00bb. En r\u00e8gle g\u00e9n\u00e9rale, les informations g\u00e9n\u00e9r\u00e9es par le cookie concernant votre utilisation de ce site web sont transf\u00e9r\u00e9es \u00e0 un serveur de Google aux \u00c9tats-Unis et y sont mises en m\u00e9moire.<\/p>\n<p>En cas d&rsquo;activation de l&rsquo;anonymisation de l&rsquo;IP sur le pr\u00e9sent site web, Google raccourcira votre adresse IP pr\u00e9alablement au sein des \u00c9tats membres de l&rsquo;Union europ\u00e9enne ou dans d&rsquo;autres \u00c9tats ayant sign\u00e9 l&rsquo;accord sur l&rsquo;Espace \u00e9conomique europ\u00e9en. L&rsquo;adresse IP compl\u00e8te ne sera transmise qu&rsquo;exceptionnellement \u00e0 un serveur de Google aux \u00c9tats-Unis o\u00f9 elle sera raccourcie. Par ordre de l&rsquo;exploitant du pr\u00e9sent site web, Google utilisera ces informations pour \u00e9valuer votre utilisation du site web pour \u00e9tablir des rapports sur les activit\u00e9s sur le site web, pour fournir des prestations de service suppl\u00e9mentaires li\u00e9es \u00e0 l&rsquo;utilisation du site web et \u00e0 l&rsquo;utilisation de l&rsquo;Internet pour l&rsquo;exploitant du site web. L&rsquo;adresse IP, transmise par votre navigateur dans le cadre de Google Analytics, ne sera pas recoup\u00e9e avec d&rsquo;autres donn\u00e9es de Google.<\/p>\n<p>Vous pouvez r\u00e9gler votre navigateur de fa\u00e7on \u00e0 ce que celui-ci communique des informations \u00e0 propos de la r\u00e9ception d&rsquo;un cookie et offre la possibilit\u00e9 de refuser l&rsquo;installation d&rsquo;un cookie ou des cookies en g\u00e9n\u00e9ral. Vous pouvez \u00e9galement choisir d\u2019activer la suppression automatique des cookies une fois que vous fermez le navigateur. La d\u00e9sactivation de cookies peut toutefois influencer les fonctionnalit\u00e9s de ce site web. En outre, vous pouvez emp\u00eacher la saisie des donn\u00e9es produites par le cookie et des donn\u00e9es li\u00e9es \u00e0 votre utilisation du site web (y compris votre adresse IP) par Google ainsi que le traitement de ces donn\u00e9es par Google en t\u00e9l\u00e9chargeant et en installant le plug-in de navigateur disponible sous le lien suivant : http:\/\/tools.google.com\/dlpage\/gaoptout?hl=fr<\/p>\n<p><strong>Fichiers journaux de serveur<\/strong><br \/>\nLe fournisseur des pages web recueille et stocke automatiquement certaines informations dans un fichier journal de serveur que votre navigateur lui transmet automatiquement. Y compris :<br \/>\nType et version du navigateur, syst\u00e8me op\u00e9rationnel utilis\u00e9, le r\u00e9f\u00e9rent URL, le nom d&rsquo;h\u00f4te de l&rsquo;ordinateur connect\u00e9, l\u2019heure de la demande du serveur.<\/p>\n<p>Ces informations ne peuvent pas \u00eatre reli\u00e9es \u00e0 des personnes pr\u00e9cises. Ces donn\u00e9es ne seront pas recoup\u00e9es avec d&rsquo;autres sources de donn\u00e9es. ulisteppen.com se r\u00e9serve le droit de v\u00e9rifier ces informations ult\u00e9rieurement s\u2019il y a des indications concr\u00e8tes pour une utilisation illicite des donn\u00e9es.<\/p>\n<p><em>Bas\u00e9 sur la directive concernant les cookies de : eRecht24<\/em>[\/vc_column_text][\/vc_column][\/vc_row]\n<\/div>","protected":false},"excerpt":{"rendered":"<p>[vc_row style=\u00a0\u00bblight\u00a0\u00bb bg_image=\u00a0\u00bb121&Prime; bg_style=\u00a0\u00bbstretch\u00a0\u00bb border_style=\u00a0\u00bbsolid\u00a0\u00bb padding_top=\u00a0\u00bb100px\u00a0\u00bb padding_bottom=\u00a0\u00bb100px\u00a0\u00bb][vc_column][vc_column_text css_animation=\u00a0\u00bbbottom-to-top\u00a0\u00bb] DONNEES PERSONNELLES [\/vc_column_text][vc_column_text css_animation=\u00a0\u00bbbottom-to-top\u00a0\u00bb] D\u00c9CLARATION DE CONFIDENTIALIT\u00c9 [\/vc_column_text][\/vc_column][\/vc_row][vc_row center_row=\u00a0\u00bbyes\u00a0\u00bb id=\u00a0\u00bbmore\u00a0\u00bb padding_top=\u00a0\u00bb90px\u00a0\u00bb padding_bottom=\u00a0\u00bb70px\u00a0\u00bb][vc_column][vc_column_text]Protection des donn\u00e9es personnelles En tant qu\u2019op\u00e9rateur de ce site, ulisteppen.com prend la protection de vos donn\u00e9es personnelles tr\u00e8s au s\u00e9rieux. ulisteppen.com est responsable du traitement de vos donn\u00e9es personnelles. Ces donn\u00e9es seront trait\u00e9es de mani\u00e8re&hellip;<\/p>\n","protected":false},"author":3,"featured_media":0,"parent":0,"menu_order":0,"comment_status":"closed","ping_status":"closed","template":"","meta":{"footnotes":""},"class_list":["post-1142","page","type-page","status-publish","hentry","entry","no-media"],"_links":{"self":[{"href":"https:\/\/ulisteppen.com\/fr\/wp-json\/wp\/v2\/pages\/1142","targetHints":{"allow":["GET"]}}],"collection":[{"href":"https:\/\/ulisteppen.com\/fr\/wp-json\/wp\/v2\/pages"}],"about":[{"href":"https:\/\/ulisteppen.com\/fr\/wp-json\/wp\/v2\/types\/page"}],"author":[{"embeddable":true,"href":"https:\/\/ulisteppen.com\/fr\/wp-json\/wp\/v2\/users\/3"}],"replies":[{"embeddable":true,"href":"https:\/\/ulisteppen.com\/fr\/wp-json\/wp\/v2\/comments?post=1142"}],"version-history":[{"count":6,"href":"https:\/\/ulisteppen.com\/fr\/wp-json\/wp\/v2\/pages\/1142\/revisions"}],"predecessor-version":[{"id":1326,"href":"https:\/\/ulisteppen.com\/fr\/wp-json\/wp\/v2\/pages\/1142\/revisions\/1326"}],"wp:attachment":[{"href":"https:\/\/ulisteppen.com\/fr\/wp-json\/wp\/v2\/media?parent=1142"}],"curies":[{"name":"wp","href":"https:\/\/api.w.org\/{rel}","templated":true}]}}