{"id":482,"date":"2014-11-25T15:01:18","date_gmt":"2014-11-25T15:01:18","guid":{"rendered":"http:\/\/ulisteppen.com\/kontakt-2\/"},"modified":"2018-11-13T12:47:54","modified_gmt":"2018-11-13T11:47:54","slug":"kontakt","status":"publish","type":"page","link":"https:\/\/ulisteppen.com\/fr\/kontakt\/","title":{"rendered":"Contact"},"content":{"rendered":"<div class=\"wpb-content-wrapper\">[vc_row style=\u00a0\u00bblight\u00a0\u00bb bg_image=\u00a0\u00bb110&Prime; bg_style=\u00a0\u00bbstretch\u00a0\u00bb border_style=\u00a0\u00bbsolid\u00a0\u00bb padding_top=\u00a0\u00bb100px\u00a0\u00bb padding_bottom=\u00a0\u00bb100px\u00a0\u00bb][vc_column][vc_column_text css_animation=\u00a0\u00bbbottom-to-top\u00a0\u00bb]\n<p style=\"text-align: center;\"><span style=\"font-size: 60px; color: #8fbd22;\">Le caf\u00e9 est servi !<br \/>\n<\/span><\/p>\n[\/vc_column_text][vc_column_text css_animation=\u00a0\u00bbbottom-to-top\u00a0\u00bb]\n<p style=\"text-align: center;\"><span style=\"font-size: 30px; color: #686f6f;\">CONTACT &amp; FEEDBACK<\/span><\/p>\n[\/vc_column_text][\/vc_column][\/vc_row][vc_row center_row=\u00a0\u00bbyes\u00a0\u00bb id=\u00a0\u00bbmore\u00a0\u00bb padding_top=\u00a0\u00bb90px\u00a0\u00bb padding_bottom=\u00a0\u00bb70px\u00a0\u00bb][vc_column]<style>.vcex-heading.vcex_69f179195d549 .vcex-heading-inner{border-color:#8fbd22;}.vcex-heading.vcex_69f179195d549{border-color:#e5e5e5;}<\/style><h4 class=\"vcex-heading vcex-heading-bottom-border-w-color vcex-module wpex-heading wpex-text-2xl wpex-border-b-2 wpex-border-solid wpex-border-main vcex_69f179195d549\"><span class=\"vcex-heading-inner wpex-inline-block wpex-relative wpex-pb-5 wpex-border-b-2 wpex-border-solid wpex-border-accent\">Comment me joindre :<\/span><\/h4><div class=\"vcex-spacing wpex-w-100 wpex-clear\"><\/div>[vc_row_inner][vc_column_inner width=\u00a0\u00bb1\/2&Prime; css=\u00a0\u00bb.vc_custom_1453454544220{margin-left: 0px !important;padding-left: 0px !important;}\u00a0\u00bb][vc_single_image image=\u00a0\u00bb1229&Prime;][\/vc_column_inner][vc_column_inner width=\u00a0\u00bb1\/2&Prime;][vc_column_text]Ulrike Steppen<br \/>\nBeulakerweg 75<br \/>\nNL &#8211; 8355 AC Giethoorn<\/p>\n<p>T : +31-(0)652172276<br \/>\nE : info@ulisteppen.com<br \/>\nI : http:\/\/www.ulisteppen.com<br \/>\nSkype : ulisteppen<\/p>\n<p>Veuillez envoyer un courriel \u00e0\u00a0<strong>info@ulisteppen.com<\/strong>\u00a0en joignant vos fichiers \u00e0 traduire. Vous recevrez un devis pour votre projet.<\/p>\n<p>Ou alors\u00a0utilisez d&rsquo;abord le formulaire ci-dessous.[\/vc_column_text][\/vc_column_inner][\/vc_row_inner]\n<div class=\"wpcf7 no-js\" id=\"wpcf7-f606-o1\" lang=\"fr-FR\" dir=\"ltr\" data-wpcf7-id=\"606\">\n<div class=\"screen-reader-response\"><p role=\"status\" aria-live=\"polite\" aria-atomic=\"true\"><\/p> <ul><\/ul><\/div>\n<form action=\"\/fr\/wp-json\/wp\/v2\/pages\/482#wpcf7-f606-o1\" method=\"post\" class=\"wpcf7-form init\" aria-label=\"Formulaire de contact\" novalidate=\"novalidate\" data-status=\"init\">\n<fieldset class=\"hidden-fields-container\"><input type=\"hidden\" name=\"_wpcf7\" value=\"606\" \/><input type=\"hidden\" name=\"_wpcf7_version\" value=\"6.1.5\" \/><input type=\"hidden\" name=\"_wpcf7_locale\" value=\"fr_FR\" \/><input type=\"hidden\" name=\"_wpcf7_unit_tag\" value=\"wpcf7-f606-o1\" \/><input type=\"hidden\" name=\"_wpcf7_container_post\" value=\"0\" \/><input type=\"hidden\" name=\"_wpcf7_posted_data_hash\" value=\"\" \/>\n<\/fieldset>\n<p>Votre nom\n<\/p>\n<p><span class=\"wpcf7-form-control-wrap\" data-name=\"your-name\"><input size=\"40\" maxlength=\"400\" class=\"wpcf7-form-control wpcf7-text wpcf7-validates-as-required\" aria-required=\"true\" aria-invalid=\"false\" value=\"\" type=\"text\" name=\"your-name\" \/><\/span>\n<\/p>\n<p>Votre courriel\n<\/p>\n<p><span class=\"wpcf7-form-control-wrap\" data-name=\"your-email\"><input size=\"40\" maxlength=\"400\" class=\"wpcf7-form-control wpcf7-email wpcf7-validates-as-required wpcf7-text wpcf7-validates-as-email\" aria-required=\"true\" aria-invalid=\"false\" value=\"\" type=\"email\" name=\"your-email\" \/><\/span>\n<\/p>\n<p>Sujet \/ Demande de devis \/ Feedback\n<\/p>\n<p><span class=\"wpcf7-form-control-wrap\" data-name=\"your-subject\"><input size=\"40\" maxlength=\"400\" class=\"wpcf7-form-control wpcf7-text\" aria-invalid=\"false\" value=\"\" type=\"text\" name=\"your-subject\" \/><\/span>\n<\/p>\n<p>Votre message\n<\/p>\n<p><span class=\"wpcf7-form-control-wrap\" data-name=\"your-message\"><textarea cols=\"40\" rows=\"10\" maxlength=\"2000\" class=\"wpcf7-form-control wpcf7-textarea\" aria-invalid=\"false\" name=\"your-message\"><\/textarea><\/span>\n<\/p>\n<p><input class=\"wpcf7-form-control wpcf7-submit has-spinner\" type=\"submit\" value=\"Envoyer\" \/>\n<\/p>\n<p class=\"datenschutz\"><br \/>\n<strong>Protection des donn\u00e9es<\/strong><br \/>\n<span class=\"wpcf7-form-control-wrap\" data-name=\"zustimmung-datenschutz\"><span class=\"wpcf7-form-control wpcf7-acceptance\"><span class=\"wpcf7-list-item\"><label><input type=\"checkbox\" name=\"zustimmung-datenschutz\" value=\"1\" aria-invalid=\"false\" \/><span class=\"wpcf7-list-item-label\">J\u2019accepte que mes donn\u00e9es personnelles saisies dans le formulaire de contact seront collect\u00e9es afin de r\u00e9pondre \u00e0 ma demande. Les donn\u00e9es personnelles seront enregistr\u00e9es pour une dur\u00e9e de sept ans maximum ou effac\u00e9es sur demande. Note : Vous pouvez r\u00e9voquer votre consentement \u00e0 tout moment en envoyant un e-mail \u00e0 info@ulisteppen.com. Pour plus de d\u00e9tails sur le traitement des donn\u00e9es d\u2019utilisateurs, voir : <a href=\"https:\/\/ulisteppen.com\/fr\/confidentialite\/\">D\u00e9claration de protection des donn\u00e9es<\/a>.<\/span><\/label><\/span><\/span><\/span>\n<\/p><div class=\"wpcf7-response-output\" aria-hidden=\"true\"><\/div>\n<\/form>\n<\/div>\n[\/vc_column][\/vc_row]\n<\/div>","protected":false},"excerpt":{"rendered":"<p>[vc_row style=\u00a0\u00bblight\u00a0\u00bb bg_image=\u00a0\u00bb110&Prime; bg_style=\u00a0\u00bbstretch\u00a0\u00bb border_style=\u00a0\u00bbsolid\u00a0\u00bb padding_top=\u00a0\u00bb100px\u00a0\u00bb padding_bottom=\u00a0\u00bb100px\u00a0\u00bb][vc_column][vc_column_text css_animation=\u00a0\u00bbbottom-to-top\u00a0\u00bb] Le caf\u00e9 est servi ! [\/vc_column_text][vc_column_text css_animation=\u00a0\u00bbbottom-to-top\u00a0\u00bb] CONTACT &amp; FEEDBACK [\/vc_column_text][\/vc_column][\/vc_row][vc_row center_row=\u00a0\u00bbyes\u00a0\u00bb id=\u00a0\u00bbmore\u00a0\u00bb padding_top=\u00a0\u00bb90px\u00a0\u00bb padding_bottom=\u00a0\u00bb70px\u00a0\u00bb][vc_column][vc_row_inner][vc_column_inner width=\u00a0\u00bb1\/2&Prime; css=\u00a0\u00bb.vc_custom_1453454544220{margin-left: 0px !important;padding-left: 0px !important;}\u00a0\u00bb][vc_single_image image=\u00a0\u00bb1229&Prime;][\/vc_column_inner][vc_column_inner width=\u00a0\u00bb1\/2&Prime;][vc_column_text]Ulrike Steppen Beulakerweg 75 NL &#8211; 8355 AC Giethoorn T : +31-(0)652172276 E : info@ulisteppen.com I : http:\/\/www.ulisteppen.com Skype : ulisteppen Veuillez envoyer un courriel&hellip;<\/p>\n","protected":false},"author":3,"featured_media":0,"parent":0,"menu_order":0,"comment_status":"closed","ping_status":"closed","template":"","meta":{"footnotes":""},"class_list":["post-482","page","type-page","status-publish","hentry","entry","no-media"],"_links":{"self":[{"href":"https:\/\/ulisteppen.com\/fr\/wp-json\/wp\/v2\/pages\/482","targetHints":{"allow":["GET"]}}],"collection":[{"href":"https:\/\/ulisteppen.com\/fr\/wp-json\/wp\/v2\/pages"}],"about":[{"href":"https:\/\/ulisteppen.com\/fr\/wp-json\/wp\/v2\/types\/page"}],"author":[{"embeddable":true,"href":"https:\/\/ulisteppen.com\/fr\/wp-json\/wp\/v2\/users\/3"}],"replies":[{"embeddable":true,"href":"https:\/\/ulisteppen.com\/fr\/wp-json\/wp\/v2\/comments?post=482"}],"version-history":[{"count":15,"href":"https:\/\/ulisteppen.com\/fr\/wp-json\/wp\/v2\/pages\/482\/revisions"}],"predecessor-version":[{"id":1239,"href":"https:\/\/ulisteppen.com\/fr\/wp-json\/wp\/v2\/pages\/482\/revisions\/1239"}],"wp:attachment":[{"href":"https:\/\/ulisteppen.com\/fr\/wp-json\/wp\/v2\/media?parent=482"}],"curies":[{"name":"wp","href":"https:\/\/api.w.org\/{rel}","templated":true}]}}